{"id":206589,"date":"2022-10-14T14:52:11","date_gmt":"2022-10-14T14:52:11","guid":{"rendered":"https:\/\/alandalusia.org\/?post_type=product&#038;p=206589"},"modified":"2022-10-14T14:54:58","modified_gmt":"2022-10-14T14:54:58","slug":"the-tuhfah","status":"publish","type":"product","link":"https:\/\/alandalusia.es\/en\/product\/the-tuhfah\/","title":{"rendered":"THE TUHFAH"},"content":{"rendered":"<p><b>\u00abLA TUHFAH\u00bb<\/b> <b>es la biograf\u00eda de un cristiano mallorqu\u00edn del siglo XV que conoci\u00f3 el Islam y acab\u00f3 abrazando la nueva fe. La Tuhfah representa la b\u00fasqueda personal de Dios, la sinceridad de quien \u00fanicamente desea someterse al Creador, y la fuerza vital de una persona que supo mantener su coherencia \u00edntegra y enfrentarse a los m\u00e1s altos estamentos de su \u00e9poca &#8211; sobre todo el religioso &#8211; que intentaron convencerle en reiteradas ocasiones para que se retractara de su \u00aberror\u00bb. Abull\u00e2h el Traductor &#8211; el Anselm Turmeda musulm\u00e1n &#8211; en plena madurez intelectual y espiritual de su vida, nos obsequi\u00f3 con un magn\u00edfico libro que incentiva, necesariamente, la meditaci\u00f3n y la introspecci\u00f3n y que, a trav\u00e9s del uso correcto del conocimiento y el raciocinio, genera la cr\u00edtica sana que todo creyente debe realizar para asentar de manera s\u00f3lida sus propias convicciones\u00bb.<\/b><\/p>","protected":false},"excerpt":{"rendered":"<p><b>The Tuhfah represents the personal search for God, the sincerity of one who only wishes to submit to the Creator, and the vital force of a person who knew how to maintain his coherence in integrity and to confront the highest echelons of his time - especially the religious - who repeatedly tried to convince him to retract his \"error\". <\/b><b>The Tuhfah represents the personal search for God, the sincerity of one who only wishes to submit to the Creator, and the vital force of a person who knew how to maintain his coherence in integrity and to confront the highest echelons of his time - especially the religious - who repeatedly tried to convince him to retract his \"error\". <\/b><\/p>","protected":false},"featured_media":206590,"comment_status":"open","ping_status":"closed","template":"","meta":{"_joinchat":[]},"product_brand":[],"product_cat":[112],"product_tag":[129],"class_list":{"0":"post-206589","1":"product","2":"type-product","3":"status-publish","4":"has-post-thumbnail","6":"product_cat-libros","7":"product_tag-sh-mansur-mota","9":"first","10":"instock","11":"shipping-taxable","12":"purchasable","13":"product-type-simple"},"_links":{"self":[{"href":"https:\/\/alandalusia.es\/en\/wp-json\/wp\/v2\/product\/206589","targetHints":{"allow":["GET"]}}],"collection":[{"href":"https:\/\/alandalusia.es\/en\/wp-json\/wp\/v2\/product"}],"about":[{"href":"https:\/\/alandalusia.es\/en\/wp-json\/wp\/v2\/types\/product"}],"replies":[{"embeddable":true,"href":"https:\/\/alandalusia.es\/en\/wp-json\/wp\/v2\/comments?post=206589"}],"wp:featuredmedia":[{"embeddable":true,"href":"https:\/\/alandalusia.es\/en\/wp-json\/wp\/v2\/media\/206590"}],"wp:attachment":[{"href":"https:\/\/alandalusia.es\/en\/wp-json\/wp\/v2\/media?parent=206589"}],"wp:term":[{"taxonomy":"product_brand","embeddable":true,"href":"https:\/\/alandalusia.es\/en\/wp-json\/wp\/v2\/product_brand?post=206589"},{"taxonomy":"product_cat","embeddable":true,"href":"https:\/\/alandalusia.es\/en\/wp-json\/wp\/v2\/product_cat?post=206589"},{"taxonomy":"product_tag","embeddable":true,"href":"https:\/\/alandalusia.es\/en\/wp-json\/wp\/v2\/product_tag?post=206589"}],"curies":[{"name":"wp","href":"https:\/\/api.w.org\/{rel}","templated":true}]}}