{"id":206586,"date":"2022-10-14T14:49:46","date_gmt":"2022-10-14T14:49:46","guid":{"rendered":"https:\/\/alandalusia.org\/?post_type=product&#038;p=206586"},"modified":"2025-09-27T06:51:05","modified_gmt":"2025-09-27T06:51:05","slug":"exemplary-stories-from-the-quran-and-sunna","status":"publish","type":"product","link":"https:\/\/alandalusia.es\/en\/product\/exemplary-stories-from-the-quran-and-sunna\/","title":{"rendered":"EXEMPLARY STORIES FROM THE QUR'AN AND SUNNA"},"content":{"rendered":"<p><strong><b>HISTORIAS EJEMPLARES DEL COR\u00c1N Y LA SUNNA: Los relatos que All\u00e2h menciona en Su \u00faltimo mensaje son diversos y variopintos, siendo los m\u00e1s conocidos los concernientes a los profetas y los mensajeros. Sin embargo, existe un conjunto de historias recogidas en los textos de la revelaci\u00f3n que nos transmiten sucesos protagonizados por creyentes de diferentes \u00e9pocas y lugares. En estas narraciones, se expone una serie de acontecimientos de relevancia en las que estas personas fueron examinadas en los principios y los valores m\u00e1s esenciales del din. El presente libro no s\u00f3lo comprende dichos relatos, sino que, adem\u00e1s, los explica y los comenta, extrayendo de ellos sus lecciones morales y sus significados trascendentes. A trav\u00e9s de su lectura, cada uno de nosotros, como musulmanes, conoceremos las magn\u00edficas ense\u00f1anzas \u00e9ticas y espirituales que estas historias guardan y, as\u00ed, tomarlas como gu\u00eda en nuestra relaci\u00f3n con All\u00e2h y en la praxis del Islam\u00bb.<\/b><\/strong><\/p>","protected":false},"excerpt":{"rendered":"<p><strong><b>The stories that All\u00e2h mentions in His last message are diverse and varied, the best known being those concerning the prophets and messengers.<\/b><\/strong><\/p>","protected":false},"featured_media":206587,"comment_status":"open","ping_status":"closed","template":"","meta":{"_joinchat":[]},"product_brand":[],"product_cat":[112],"product_tag":[129],"class_list":{"0":"post-206586","1":"product","2":"type-product","3":"status-publish","4":"has-post-thumbnail","6":"product_cat-libros","7":"product_tag-sh-mansur-mota","9":"first","10":"instock","11":"shipping-taxable","12":"purchasable","13":"product-type-simple"},"_links":{"self":[{"href":"https:\/\/alandalusia.es\/en\/wp-json\/wp\/v2\/product\/206586","targetHints":{"allow":["GET"]}}],"collection":[{"href":"https:\/\/alandalusia.es\/en\/wp-json\/wp\/v2\/product"}],"about":[{"href":"https:\/\/alandalusia.es\/en\/wp-json\/wp\/v2\/types\/product"}],"replies":[{"embeddable":true,"href":"https:\/\/alandalusia.es\/en\/wp-json\/wp\/v2\/comments?post=206586"}],"wp:featuredmedia":[{"embeddable":true,"href":"https:\/\/alandalusia.es\/en\/wp-json\/wp\/v2\/media\/206587"}],"wp:attachment":[{"href":"https:\/\/alandalusia.es\/en\/wp-json\/wp\/v2\/media?parent=206586"}],"wp:term":[{"taxonomy":"product_brand","embeddable":true,"href":"https:\/\/alandalusia.es\/en\/wp-json\/wp\/v2\/product_brand?post=206586"},{"taxonomy":"product_cat","embeddable":true,"href":"https:\/\/alandalusia.es\/en\/wp-json\/wp\/v2\/product_cat?post=206586"},{"taxonomy":"product_tag","embeddable":true,"href":"https:\/\/alandalusia.es\/en\/wp-json\/wp\/v2\/product_tag?post=206586"}],"curies":[{"name":"wp","href":"https:\/\/api.w.org\/{rel}","templated":true}]}}