{"id":206583,"date":"2022-10-14T14:46:40","date_gmt":"2022-10-14T14:46:40","guid":{"rendered":"https:\/\/alandalusia.org\/?post_type=product&#038;p=206583"},"modified":"2022-10-17T10:04:19","modified_gmt":"2022-10-17T10:04:19","slug":"the-treatise-of-those-who-seek-the-right-path-and-the-beginning-of-those-who-return-to-allah","status":"publish","type":"product","link":"https:\/\/alandalusia.es\/en\/product\/the-treatise-of-those-who-seek-the-right-path-and-the-beginning-of-those-who-return-to-allah\/","title":{"rendered":"THE TREATISE OF THOSE SEEKING THE GOOD WAY AND THE BEGINNING OF THOSE RETURNING TO ALL\u00c2H (Almuh\u00e2sib\u00ee)"},"content":{"rendered":"<p><b>EL TRATADO DE QUIENES BUSCAN EL BUEN CAMINO\u00bb Y \u00abEL COMIENZO DE QUIEN RETORNA A ALL\u00c2H se trata de dos peque\u00f1as obras escritas por el imam Almuhasibi, uno de los grandes maestros espirituales de la historia del Islam. En \u00abEl tratado de quienes buscan el buen camino\u00bb, Almuhasibi nos ense\u00f1a la senda que deben tomar aquellos creyentes que aspiran a la virtud en la pr\u00e1ctica del din con el fin de alcanzar la excelencia y la complacencia de su Se\u00f1or. Y en \u00abEl comienzo de quien retorna a All\u00e2h\u00bb, nuestro imam desentra\u00f1a, como pocos, la ingente y fatigante lucha (muyahadah) que debe emprender el creyente para dirigir su alma (nafs) al camino de la rectitud y la felicidad. Estos dos escritos, sin duda, representan aquellos tratados que, dado su contenido y su cosmovisi\u00f3n, emergen como un manantial fresco y puro al que el esp\u00edritu acude para saciar sus necesidades. Consecuentemente, su lectura es recomendada en todo momento, pues siempre tiene algo que aportarnos y nos invita al recuerdo, la reflexi\u00f3n y la introspecci\u00f3n.<\/b><\/p>","protected":false},"excerpt":{"rendered":"<p><b>These are two small works written by Imam Almuhasibi, one of the great spiritual masters in the history of Islam. In \"The treatise of those who seek the right path\".<\/b><\/p>","protected":false},"featured_media":206584,"comment_status":"open","ping_status":"closed","template":"","meta":{"_joinchat":[]},"product_brand":[],"product_cat":[112],"product_tag":[129],"class_list":{"0":"post-206583","1":"product","2":"type-product","3":"status-publish","4":"has-post-thumbnail","6":"product_cat-libros","7":"product_tag-sh-mansur-mota","9":"first","10":"instock","11":"shipping-taxable","12":"purchasable","13":"product-type-simple"},"_links":{"self":[{"href":"https:\/\/alandalusia.es\/en\/wp-json\/wp\/v2\/product\/206583","targetHints":{"allow":["GET"]}}],"collection":[{"href":"https:\/\/alandalusia.es\/en\/wp-json\/wp\/v2\/product"}],"about":[{"href":"https:\/\/alandalusia.es\/en\/wp-json\/wp\/v2\/types\/product"}],"replies":[{"embeddable":true,"href":"https:\/\/alandalusia.es\/en\/wp-json\/wp\/v2\/comments?post=206583"}],"wp:featuredmedia":[{"embeddable":true,"href":"https:\/\/alandalusia.es\/en\/wp-json\/wp\/v2\/media\/206584"}],"wp:attachment":[{"href":"https:\/\/alandalusia.es\/en\/wp-json\/wp\/v2\/media?parent=206583"}],"wp:term":[{"taxonomy":"product_brand","embeddable":true,"href":"https:\/\/alandalusia.es\/en\/wp-json\/wp\/v2\/product_brand?post=206583"},{"taxonomy":"product_cat","embeddable":true,"href":"https:\/\/alandalusia.es\/en\/wp-json\/wp\/v2\/product_cat?post=206583"},{"taxonomy":"product_tag","embeddable":true,"href":"https:\/\/alandalusia.es\/en\/wp-json\/wp\/v2\/product_tag?post=206583"}],"curies":[{"name":"wp","href":"https:\/\/api.w.org\/{rel}","templated":true}]}}