{"id":206381,"date":"2022-06-24T10:53:52","date_gmt":"2022-06-24T10:53:52","guid":{"rendered":"https:\/\/alandalusia.org\/?page_id=206381"},"modified":"2022-07-08T09:58:12","modified_gmt":"2022-07-08T09:58:12","slug":"shahada-registration","status":"publish","type":"page","link":"https:\/\/alandalusia.es\/en\/shahada-registration\/","title":{"rendered":"Shahada Registration"},"content":{"rendered":"<style>\/*! elementor - v3.6.5 - 27-04-2022 *\/\n.elementor-heading-title{padding:0;margin:0;line-height:1}.elementor-widget-heading .elementor-heading-title[class*=elementor-size-]>a{color:inherit;font-size:inherit;line-height:inherit}.elementor-widget-heading .elementor-heading-title.elementor-size-small{font-size:15px}.elementor-widget-heading .elementor-heading-title.elementor-size-medium{font-size:19px}.elementor-widget-heading .elementor-heading-title.elementor-size-large{font-size:29px}.elementor-widget-heading .elementor-heading-title.elementor-size-xl{font-size:39px}.elementor-widget-heading .elementor-heading-title.elementor-size-xxl{font-size:59px}<\/style>\n<h1>Shahada Registration<\/h1>\n<p>The purpose of this form is to create an internal database to facilitate the service to those who need a Shahadah Certificate to perform the Hajj (the Pilgrimage), get married, be buried according to the Islamic rite in a Muslim cemetery or any other service or action that requires it.<\/p>\n<p>\t\t\t<a href=\"https:\/\/docs.google.com\/forms\/d\/14V3eX-wH00lGTM-VQ0xmvY-Yd5SZEfsiUXK05oVB0WI\/edit?usp=sharing\" role=\"button\"><br \/>\n\t\t\t\t\t\tRegister Shahada<br \/>\n\t\t\t\t\t<\/a><\/p>\n<h2>The entities responsible for this are<\/h2>\n<style>\/*! elementor - v3.6.5 - 27-04-2022 *\/\n.elementor-widget-image{text-align:center}.elementor-widget-image a{display:inline-block}.elementor-widget-image a img[src$=\".svg\"]{width:48px}.elementor-widget-image img{vertical-align:middle;display:inline-block}<\/style>\n<p>\t\t\t\t\t\t\t\t\t\t\t\t<img class=\"lazyload\" decoding=\"async\" width=\"1024\" height=\"929\" src=\"https:\/\/alandalusia.es\/wp-content\/uploads\/2022\/05\/Al-Andalusia-Education-e1650528593802-1-1-1024x929.png\" data-orig-src=\"https:\/\/alandalusia.es\/wp-content\/uploads\/2022\/05\/Al-Andalusia-Education-e1650528593802-1-1-1024x929.png\" alt=\"\" loading=\"lazy\" srcset=\"data:image\/svg+xml,%3Csvg%20xmlns%3D%27http%3A%2F%2Fwww.w3.org%2F2000%2Fsvg%27%20width%3D%271024%27%20height%3D%27929%27%20viewBox%3D%270%200%201024%20929%27%3E%3Crect%20width%3D%271024%27%20height%3D%27929%27%20fill-opacity%3D%220%22%2F%3E%3C%2Fsvg%3E\" data-srcset=\"https:\/\/alandalusia.es\/wp-content\/uploads\/2022\/05\/Al-Andalusia-Education-e1650528593802-1-1-1024x929.png 1024w, https:\/\/alandalusia.es\/wp-content\/uploads\/2022\/05\/Al-Andalusia-Education-e1650528593802-1-1-300x272.png 300w, https:\/\/alandalusia.es\/wp-content\/uploads\/2022\/05\/Al-Andalusia-Education-e1650528593802-1-1-768x697.png 768w, https:\/\/alandalusia.es\/wp-content\/uploads\/2022\/05\/Al-Andalusia-Education-e1650528593802-1-1-610x554.png 610w, https:\/\/alandalusia.es\/wp-content\/uploads\/2022\/05\/Al-Andalusia-Education-e1650528593802-1-1-600x545.png 600w, https:\/\/alandalusia.es\/wp-content\/uploads\/2022\/05\/Al-Andalusia-Education-e1650528593802-1-1.png 1190w\" data-sizes=\"auto\" data-orig-sizes=\"auto, (max-width: 1024px) 100vw, 1024px\" \/>\t\t\t\t\t\t\t\t\t\t\t\t\t\t\t<\/p>\n<h2>C.C.I. Al-Andalusia of Seville (NR 016103)<\/h2>\n<p>\t\t\t\t\t\t\t\t\t\t\t\t\t\t\t<img class=\"lazyload\" decoding=\"async\" width=\"247\" height=\"327\" src=\"https:\/\/alandalusia.es\/wp-content\/uploads\/2022\/06\/WhatsApp-Image-2022-06-24-at-12.44.22-PM.jpeg\" data-orig-src=\"https:\/\/alandalusia.es\/wp-content\/uploads\/2022\/06\/WhatsApp-Image-2022-06-24-at-12.44.22-PM.jpeg\" alt=\"\" loading=\"lazy\" srcset=\"data:image\/svg+xml,%3Csvg%20xmlns%3D%27http%3A%2F%2Fwww.w3.org%2F2000%2Fsvg%27%20width%3D%27247%27%20height%3D%27327%27%20viewBox%3D%270%200%20247%20327%27%3E%3Crect%20width%3D%27247%27%20height%3D%27327%27%20fill-opacity%3D%220%22%2F%3E%3C%2Fsvg%3E\" data-srcset=\"https:\/\/alandalusia.es\/wp-content\/uploads\/2022\/06\/WhatsApp-Image-2022-06-24-at-12.44.22-PM.jpeg 247w, https:\/\/alandalusia.es\/wp-content\/uploads\/2022\/06\/WhatsApp-Image-2022-06-24-at-12.44.22-PM-227x300.jpeg 227w\" data-sizes=\"auto\" data-orig-sizes=\"auto, (max-width: 247px) 100vw, 247px\" \/>\t\t\t\t\t\t\t\t\t\t\t\t\t\t\t<\/p>\n<h2>Masjid Al-Hidaya Muslim Community (NR 019388)<\/h2>\n<h6>To contact us write to cci@alandalusia.org or Whatsapp number +34 854641709.<\/h6>\n<style>\/*! elementor - v3.6.5 - 27-04-2022 *\/\n.e-container.e-container--row .elementor-spacer-inner{width:var(--spacer-size)}.e-container.e-container--column .elementor-spacer-inner,.elementor-column .elementor-spacer-inner{height:var(--spacer-size)}<\/style>","protected":false},"excerpt":{"rendered":"<p>Registro de Shahadas El objetivo de este formulario es crear una base de datos interno para facilitar el servicio a aquellas personas que necesiten un Certificado de Shahadah para cumplir con el Hayy (la Peregrinaci\u00f3n), contraer matrimonio, ser enterrado seg\u00fan el rito isl\u00e1mico en un cementerio musulm\u00e1n o cualquier otro servicio o acci\u00f3n que requiera de ello. Registrar Shahada Las entidades responsables de ello son C.C.I. Al-Andalusia de Sevilla (NR 016103) Comunidad Musulmana Masyid Al-Hidaya (NR 019388) Para contactar con nosotros escribe a cci@alandalusia.org o al n\u00famero de Whatsapp +34 854641709.<\/p>","protected":false},"author":2,"featured_media":0,"parent":0,"menu_order":0,"comment_status":"closed","ping_status":"closed","template":"","meta":{"_joinchat":[],"footnotes":""},"class_list":["post-206381","page","type-page","status-publish","hentry"],"_links":{"self":[{"href":"https:\/\/alandalusia.es\/en\/wp-json\/wp\/v2\/pages\/206381","targetHints":{"allow":["GET"]}}],"collection":[{"href":"https:\/\/alandalusia.es\/en\/wp-json\/wp\/v2\/pages"}],"about":[{"href":"https:\/\/alandalusia.es\/en\/wp-json\/wp\/v2\/types\/page"}],"author":[{"embeddable":true,"href":"https:\/\/alandalusia.es\/en\/wp-json\/wp\/v2\/users\/2"}],"replies":[{"embeddable":true,"href":"https:\/\/alandalusia.es\/en\/wp-json\/wp\/v2\/comments?post=206381"}],"version-history":[{"count":0,"href":"https:\/\/alandalusia.es\/en\/wp-json\/wp\/v2\/pages\/206381\/revisions"}],"wp:attachment":[{"href":"https:\/\/alandalusia.es\/en\/wp-json\/wp\/v2\/media?parent=206381"}],"curies":[{"name":"wp","href":"https:\/\/api.w.org\/{rel}","templated":true}]}}