{"id":206307,"date":"2022-06-24T10:45:27","date_gmt":"2022-06-24T10:45:27","guid":{"rendered":"https:\/\/alandalusia.org\/?page_id=206307"},"modified":"2022-06-24T10:48:27","modified_gmt":"2022-06-24T10:48:27","slug":"marriage-registration","status":"publish","type":"page","link":"https:\/\/alandalusia.es\/en\/marriage-registration\/","title":{"rendered":"Islamic Marriage Registration"},"content":{"rendered":"<style>\/*! elementor - v3.6.5 - 27-04-2022 *\/<br \/>\n.elementor-heading-title{padding:0;margin:0;line-height:1}.elementor-widget-heading .elementor-heading-title[class*=elementor-size-]>a{color:inherit;font-size:inherit;line-height:inherit}.elementor-widget-heading .elementor-heading-title.elementor-size-small{font-size:15px}.elementor-widget-heading .elementor-heading-title.elementor-size-medium{font-size:19px}.elementor-widget-heading .elementor-heading-title.elementor-size-large{font-size:29px}.elementor-widget-heading .elementor-heading-title.elementor-size-xl{font-size:39px}.elementor-widget-heading .elementor-heading-title.elementor-size-xxl{font-size:59px}<\/style>\n<h1>Islamic Marriage Registration<\/h1>\n<p>The purpose of this form is to create an internal database to facilitate the service to those who need their Islamic Marriage Certificate. The data from this form will not be shared with third parties and will only be used for the purposes mentioned above.<\/p>\n<p><a role=\"button\" href=\"https:\/\/forms.gle\/Pbn3vq5Lbs5nZL4P8\"><br \/>\nRegister Marriage<br \/>\n<\/a><\/p>\n<h2>The entities responsible for this are<\/h2>\n<style>\/*! elementor - v3.6.5 - 27-04-2022 *\/<br \/>\n.elementor-widget-image{text-align:center}.elementor-widget-image a{display:inline-block}.elementor-widget-image a img[src$=\".svg\"]{width:48px}.elementor-widget-image img{vertical-align:middle;display:inline-block}<\/style>\n<p><img class=\"lazyload\" decoding=\"async\" src=\"https:\/\/alandalusia.es\/wp-content\/uploads\/2022\/05\/Al-Andalusia-Education-e1650528593802-1-1-1024x929.png\" data-orig-src=\"https:\/\/alandalusia.es\/wp-content\/uploads\/2022\/05\/Al-Andalusia-Education-e1650528593802-1-1-1024x929.png\" data-sizes=\"auto\" data-orig-sizes=\"(max-width: 1024px) 100vw, 1024px\" srcset=\"data:image\/svg+xml,%3Csvg%20xmlns%3D%27http%3A%2F%2Fwww.w3.org%2F2000%2Fsvg%27%20width%3D%271024%27%20height%3D%27929%27%20viewBox%3D%270%200%201024%20929%27%3E%3Crect%20width%3D%271024%27%20height%3D%27929%27%20fill-opacity%3D%220%22%2F%3E%3C%2Fsvg%3E\" data-srcset=\"https:\/\/alandalusia.es\/wp-content\/uploads\/2022\/05\/Al-Andalusia-Education-e1650528593802-1-1-1024x929.png 1024w, https:\/\/alandalusia.es\/wp-content\/uploads\/2022\/05\/Al-Andalusia-Education-e1650528593802-1-1-300x272.png 300w, https:\/\/alandalusia.es\/wp-content\/uploads\/2022\/05\/Al-Andalusia-Education-e1650528593802-1-1-768x697.png 768w, https:\/\/alandalusia.es\/wp-content\/uploads\/2022\/05\/Al-Andalusia-Education-e1650528593802-1-1-610x554.png 610w, https:\/\/alandalusia.es\/wp-content\/uploads\/2022\/05\/Al-Andalusia-Education-e1650528593802-1-1-600x545.png 600w, https:\/\/alandalusia.es\/wp-content\/uploads\/2022\/05\/Al-Andalusia-Education-e1650528593802-1-1.png 1190w\" alt=\"\" width=\"1024\" height=\"929\" \/><\/p>\n<h2>C.C.I. Al-Andalusia of Seville (NR 016103)<\/h2>\n<p><img class=\"lazyload\" decoding=\"async\" src=\"https:\/\/alandalusia.es\/wp-content\/uploads\/2022\/06\/WhatsApp-Image-2022-06-24-at-12.44.22-PM.jpeg\" data-orig-src=\"https:\/\/alandalusia.es\/wp-content\/uploads\/2022\/06\/WhatsApp-Image-2022-06-24-at-12.44.22-PM.jpeg\" data-sizes=\"auto\" data-orig-sizes=\"(max-width: 247px) 100vw, 247px\" srcset=\"data:image\/svg+xml,%3Csvg%20xmlns%3D%27http%3A%2F%2Fwww.w3.org%2F2000%2Fsvg%27%20width%3D%27247%27%20height%3D%27327%27%20viewBox%3D%270%200%20247%20327%27%3E%3Crect%20width%3D%27247%27%20height%3D%27327%27%20fill-opacity%3D%220%22%2F%3E%3C%2Fsvg%3E\" data-srcset=\"https:\/\/alandalusia.es\/wp-content\/uploads\/2022\/06\/WhatsApp-Image-2022-06-24-at-12.44.22-PM.jpeg 247w, https:\/\/alandalusia.es\/wp-content\/uploads\/2022\/06\/WhatsApp-Image-2022-06-24-at-12.44.22-PM-227x300.jpeg 227w\" alt=\"\" width=\"247\" height=\"327\" \/><\/p>\n<h2>Masjid Al-Hidaya Muslim Community (NR 019388)<\/h2>\n<h6>To contact us write to cci@alandalusia.org or Whatsapp number +34 854641709.<\/h6>\n<style>\/*! elementor - v3.6.5 - 27-04-2022 *\/<br \/>\n.e-container.e-container--row .elementor-spacer-inner{width:var(--spacer-size)}.e-container.e-container--column .elementor-spacer-inner,.elementor-column .elementor-spacer-inner{height:var(--spacer-size)}<\/style>","protected":false},"excerpt":{"rendered":"<p>Registro de Matrimonio Isl\u00e1mico\u200b\u200b El objetivo de este formulario es crear una base de datos interno para facilitar el servicio a aquellas personas que necesiten su Certificado de Matrimonio Isl\u00e1mico. Los datos de este formulario no ser\u00e1n compartidos con terceros y s\u00f3lo se utilizar\u00e1n para los fines mencionados previamente. Registrar Matrimonio Las entidades responsables de ello son C.C.I. Al-Andalusia de Sevilla (NR 016103) Comunidad Musulmana Masyid Al-Hidaya (NR 019388) Para contactar con nosotros escribe a cci@alandalusia.org o al n\u00famero de Whatsapp +34 854641709.<\/p>","protected":false},"author":2,"featured_media":0,"parent":0,"menu_order":0,"comment_status":"closed","ping_status":"closed","template":"","meta":{"_joinchat":[],"footnotes":""},"class_list":["post-206307","page","type-page","status-publish","hentry"],"_hostinger_reach_plugin_has_subscription_block":false,"_hostinger_reach_plugin_is_elementor":false,"_links":{"self":[{"href":"https:\/\/alandalusia.es\/en\/wp-json\/wp\/v2\/pages\/206307","targetHints":{"allow":["GET"]}}],"collection":[{"href":"https:\/\/alandalusia.es\/en\/wp-json\/wp\/v2\/pages"}],"about":[{"href":"https:\/\/alandalusia.es\/en\/wp-json\/wp\/v2\/types\/page"}],"author":[{"embeddable":true,"href":"https:\/\/alandalusia.es\/en\/wp-json\/wp\/v2\/users\/2"}],"replies":[{"embeddable":true,"href":"https:\/\/alandalusia.es\/en\/wp-json\/wp\/v2\/comments?post=206307"}],"version-history":[{"count":0,"href":"https:\/\/alandalusia.es\/en\/wp-json\/wp\/v2\/pages\/206307\/revisions"}],"wp:attachment":[{"href":"https:\/\/alandalusia.es\/en\/wp-json\/wp\/v2\/media?parent=206307"}],"curies":[{"name":"wp","href":"https:\/\/api.w.org\/{rel}","templated":true}]}}